{"id":1382,"date":"2023-10-09T15:11:39","date_gmt":"2023-10-09T15:11:39","guid":{"rendered":"https:\/\/loja.springschool.me\/?post_type=product&#038;p=1382"},"modified":"2024-07-17T16:14:48","modified_gmt":"2024-07-17T16:14:48","slug":"flex","status":"publish","type":"product","link":"https:\/\/loja.springschool.me\/en\/product\/flex\/","title":{"rendered":"Flex"},"content":{"rendered":"<p>You are at a time of crisis in your company and, as a leader, you need to make an important decision. Do you appear assertive and declare your position immediately or do you seek consensus with your team and put the matter to a vote?<br \/>\nAnother situation: you are a leader who needs to start a project. How do you organize your team? Does it create a focused structure, with rigid schedules, or does it give the team autonomy to define roles and deadlines on their own?<br \/>\nIf you identify with the first options, you are essentially an alpha leader, that is, you like control and are focused on results; If you found yourself in the second options, you are more like a beta leader: you prefer a collaborative environment and are focused on growth. However, being 100% alpha or beta is not at all good for leadership effectiveness. The ideal is to be flexible \u2013 or, simply, flex. This ability to change your leadership style depending on the context generates a positive impact on both your team and your superiors, and will make you much more successful in your career.<br \/>\nIn \u201cFlex\u201d, coach Jeffrey Hull addresses all the skills a leader needs to have to be flexible. Mixing real stories with practical tips, he teaches you how to survive and, of course, thrive in today&#039;s corporate world.<\/p>\n<h3>About the author<\/h3>\n<div class=\"a-section a-spacing-small a-padding-small\">Jeffrey Hull, Ph.D., is an author, teacher and consultant with more than 20 years of experience coaching senior executives on topics such as high performance, change management, organizational strategy, structure and culture. A highly sought-after speaker, he is the CEO of Leadershift Inc., a management consultancy based in New York City, and a clinical instructor of psychology at Harvard Medical School, as well as an adjunct professor of leadership at New York University. Find out more about the author at <a href=\"https:\/\/jeffreyhull.com\" target=\"_blank\" rel=\"noopener\">jeffreyhull.com<\/a>.<\/div>","protected":false},"excerpt":{"rendered":"<p><strong>Super Promotion with limited stock! <\/strong><\/p>\n<p>Flex \u2013 The new leadership style for a changing world by author Jeffrey Hull \u2013 One of the most respected North American coaches. Being 100% an alpha leader, who likes control and focuses on results, or a beta, one who prefers a collaborative environment and focuses on growth, is not good for leadership effectiveness. The ideal is to be flexible \u2013 or, simply, FLEX. It is the ability to change leadership style depending on the context.<\/p>","protected":false},"featured_media":1383,"template":"","meta":[],"product_cat":[20],"product_tag":[59,61],"yoast_head":"<!-- This site is optimized with the Yoast SEO plugin v20.11 - https:\/\/yoast.com\/wordpress\/plugins\/seo\/ -->\n<title>Flex - Spring School - Loja Virtual<\/title>\n<meta name=\"description\" content=\"Promo\u00e7\u00e3o com estoque limitado! Flex - O novo estilo de lideran\u00e7a para um mundo em transforma\u00e7\u00e3o de Jeffrey Hull - Um dos mais respeitados coaches.\" \/>\n<meta name=\"robots\" content=\"index, follow, max-snippet:-1, max-image-preview:large, max-video-preview:-1\" \/>\n<link rel=\"canonical\" href=\"https:\/\/loja.springschool.me\/en\/product\/flex\/\" \/>\n<meta property=\"og:locale\" content=\"en_US\" \/>\n<meta property=\"og:type\" content=\"article\" \/>\n<meta property=\"og:title\" content=\"Flex - Spring School - Loja Virtual\" \/>\n<meta property=\"og:description\" content=\"Promo\u00e7\u00e3o com estoque limitado! Flex - O novo estilo de lideran\u00e7a para um mundo em transforma\u00e7\u00e3o de Jeffrey Hull - Um dos mais respeitados coaches.\" \/>\n<meta property=\"og:url\" content=\"https:\/\/loja.springschool.me\/en\/product\/flex\/\" \/>\n<meta property=\"og:site_name\" content=\"Spring School - Loja Virtual\" \/>\n<meta property=\"article:modified_time\" content=\"2024-07-17T16:14:48+00:00\" \/>\n<meta property=\"og:image\" content=\"https:\/\/loja.springschool.me\/wp-content\/uploads\/2023\/10\/spring-school-loja-livro-flex-01.jpg\" \/>\n\t<meta property=\"og:image:width\" content=\"1000\" \/>\n\t<meta property=\"og:image:height\" content=\"1000\" \/>\n\t<meta property=\"og:image:type\" content=\"image\/jpeg\" \/>\n<meta name=\"twitter:card\" content=\"summary_large_image\" \/>\n<meta name=\"twitter:label1\" content=\"Est. reading time\" \/>\n\t<meta name=\"twitter:data1\" content=\"2 minutes\" \/>\n<script type=\"application\/ld+json\" class=\"yoast-schema-graph\">{\"@context\":\"https:\/\/schema.org\",\"@graph\":[{\"@type\":\"WebPage\",\"@id\":\"https:\/\/loja.springschool.me\/produto\/flex\/\",\"url\":\"https:\/\/loja.springschool.me\/produto\/flex\/\",\"name\":\"Flex - Spring School - Loja Virtual\",\"isPartOf\":{\"@id\":\"https:\/\/loja.springschool.me\/#website\"},\"datePublished\":\"2023-10-09T15:11:39+00:00\",\"dateModified\":\"2024-07-17T16:14:48+00:00\",\"description\":\"Promo\u00e7\u00e3o com estoque limitado! Flex - O novo estilo de lideran\u00e7a para um mundo em transforma\u00e7\u00e3o de Jeffrey Hull - Um dos mais respeitados coaches.\",\"breadcrumb\":{\"@id\":\"https:\/\/loja.springschool.me\/produto\/flex\/#breadcrumb\"},\"inLanguage\":\"en-US\",\"potentialAction\":[{\"@type\":\"ReadAction\",\"target\":[\"https:\/\/loja.springschool.me\/produto\/flex\/\"]}]},{\"@type\":\"BreadcrumbList\",\"@id\":\"https:\/\/loja.springschool.me\/produto\/flex\/#breadcrumb\",\"itemListElement\":[{\"@type\":\"ListItem\",\"position\":1,\"name\":\"In\u00edcio\",\"item\":\"https:\/\/loja.springschool.me\/\"},{\"@type\":\"ListItem\",\"position\":2,\"name\":\"Shop\",\"item\":\"https:\/\/loja.springschool.me\/shop\/\"},{\"@type\":\"ListItem\",\"position\":3,\"name\":\"Flex\"}]},{\"@type\":\"WebSite\",\"@id\":\"https:\/\/loja.springschool.me\/#website\",\"url\":\"https:\/\/loja.springschool.me\/\",\"name\":\"Spring School - Loja Virtual\",\"description\":\"Just another WordPress site\",\"potentialAction\":[{\"@type\":\"SearchAction\",\"target\":{\"@type\":\"EntryPoint\",\"urlTemplate\":\"https:\/\/loja.springschool.me\/?s={search_term_string}\"},\"query-input\":\"required name=search_term_string\"}],\"inLanguage\":\"en-US\"}]}<\/script>\n<!-- \/ Yoast SEO plugin. -->","yoast_head_json":{"title":"Flex - Spring School - Loja Virtual","description":"Promo\u00e7\u00e3o com estoque limitado! Flex - O novo estilo de lideran\u00e7a para um mundo em transforma\u00e7\u00e3o de Jeffrey Hull - Um dos mais respeitados coaches.","robots":{"index":"index","follow":"follow","max-snippet":"max-snippet:-1","max-image-preview":"max-image-preview:large","max-video-preview":"max-video-preview:-1"},"canonical":"https:\/\/loja.springschool.me\/en\/product\/flex\/","og_locale":"en_US","og_type":"article","og_title":"Flex - Spring School - Loja Virtual","og_description":"Promo\u00e7\u00e3o com estoque limitado! Flex - O novo estilo de lideran\u00e7a para um mundo em transforma\u00e7\u00e3o de Jeffrey Hull - Um dos mais respeitados coaches.","og_url":"https:\/\/loja.springschool.me\/en\/product\/flex\/","og_site_name":"Spring School - Loja Virtual","article_modified_time":"2024-07-17T16:14:48+00:00","og_image":[{"width":1000,"height":1000,"url":"https:\/\/loja.springschool.me\/wp-content\/uploads\/2023\/10\/spring-school-loja-livro-flex-01.jpg","type":"image\/jpeg"}],"twitter_card":"summary_large_image","twitter_misc":{"Est. reading time":"2 minutes"},"schema":{"@context":"https:\/\/schema.org","@graph":[{"@type":"WebPage","@id":"https:\/\/loja.springschool.me\/produto\/flex\/","url":"https:\/\/loja.springschool.me\/produto\/flex\/","name":"Flex - Spring School - Loja Virtual","isPartOf":{"@id":"https:\/\/loja.springschool.me\/#website"},"datePublished":"2023-10-09T15:11:39+00:00","dateModified":"2024-07-17T16:14:48+00:00","description":"Promo\u00e7\u00e3o com estoque limitado! Flex - O novo estilo de lideran\u00e7a para um mundo em transforma\u00e7\u00e3o de Jeffrey Hull - Um dos mais respeitados coaches.","breadcrumb":{"@id":"https:\/\/loja.springschool.me\/produto\/flex\/#breadcrumb"},"inLanguage":"en-US","potentialAction":[{"@type":"ReadAction","target":["https:\/\/loja.springschool.me\/produto\/flex\/"]}]},{"@type":"BreadcrumbList","@id":"https:\/\/loja.springschool.me\/produto\/flex\/#breadcrumb","itemListElement":[{"@type":"ListItem","position":1,"name":"In\u00edcio","item":"https:\/\/loja.springschool.me\/"},{"@type":"ListItem","position":2,"name":"Shop","item":"https:\/\/loja.springschool.me\/shop\/"},{"@type":"ListItem","position":3,"name":"Flex"}]},{"@type":"WebSite","@id":"https:\/\/loja.springschool.me\/#website","url":"https:\/\/loja.springschool.me\/","name":"Spring School - Loja Virtual","description":"Just another WordPress site","potentialAction":[{"@type":"SearchAction","target":{"@type":"EntryPoint","urlTemplate":"https:\/\/loja.springschool.me\/?s={search_term_string}"},"query-input":"required name=search_term_string"}],"inLanguage":"en-US"}]}},"_links":{"self":[{"href":"https:\/\/loja.springschool.me\/en\/wp-json\/wp\/v2\/product\/1382"}],"collection":[{"href":"https:\/\/loja.springschool.me\/en\/wp-json\/wp\/v2\/product"}],"about":[{"href":"https:\/\/loja.springschool.me\/en\/wp-json\/wp\/v2\/types\/product"}],"version-history":[{"count":1,"href":"https:\/\/loja.springschool.me\/en\/wp-json\/wp\/v2\/product\/1382\/revisions"}],"predecessor-version":[{"id":1384,"href":"https:\/\/loja.springschool.me\/en\/wp-json\/wp\/v2\/product\/1382\/revisions\/1384"}],"wp:featuredmedia":[{"embeddable":true,"href":"https:\/\/loja.springschool.me\/en\/wp-json\/wp\/v2\/media\/1383"}],"wp:attachment":[{"href":"https:\/\/loja.springschool.me\/en\/wp-json\/wp\/v2\/media?parent=1382"}],"wp:term":[{"taxonomy":"product_cat","embeddable":true,"href":"https:\/\/loja.springschool.me\/en\/wp-json\/wp\/v2\/product_cat?post=1382"},{"taxonomy":"product_tag","embeddable":true,"href":"https:\/\/loja.springschool.me\/en\/wp-json\/wp\/v2\/product_tag?post=1382"}],"curies":[{"name":"wp","href":"https:\/\/api.w.org\/{rel}","templated":true}]}}