{"id":1375,"date":"2023-10-09T14:17:40","date_gmt":"2023-10-09T14:17:40","guid":{"rendered":"https:\/\/loja.springschool.me\/?post_type=product&#038;p=1375"},"modified":"2024-07-17T16:08:18","modified_gmt":"2024-07-17T16:08:18","slug":"a-vantagem-decisiva","status":"publish","type":"product","link":"https:\/\/loja.springschool.me\/en\/product\/a-vantagem-decisiva\/","title":{"rendered":"The decisive advantage"},"content":{"rendered":"<h3>About the author<\/h3>\n<div class=\"a-section a-spacing-small a-padding-small\">PATRICK LENCIONI is founder and president of The Table Group, an organization dedicated to offering ideas, products and services that improve corporate health, teamwork and employee engagement. He is the author of several books that, together, have sold more than 6 million copies and have been translated into more than 30 languages, including The 5 Team Challenges and The Decisive Advantage, published by Sextante. When not writing, Lencioni consults with CEOs and their executive teams. Its client base includes several Forbes 500 companies, professional sports organizations, the US Army, non-profit institutions, universities and churches. Additionally, every year he speaks to thousands of leaders at national conferences and large organizations.<\/div>","protected":false},"excerpt":{"rendered":"<p><strong>Super Promotion with limited stock! <\/strong><\/p>\n<p>The decisive advantage: Why having a healthy culture is the most important factor in a company&#039;s success. From the same author as the book\u00a0<em>The 5 team challenges.<\/em><\/p>","protected":false},"featured_media":1376,"template":"","meta":[],"product_cat":[20],"product_tag":[59,60],"yoast_head":"<!-- This site is optimized with the Yoast SEO plugin v20.11 - https:\/\/yoast.com\/wordpress\/plugins\/seo\/ -->\n<title>A vantagem decisiva - Spring School - Loja Virtual<\/title>\n<meta name=\"description\" content=\"Promo\u00e7\u00e3o com estoque limitado! A vantagem decisiva: Por que ter uma cultura saud\u00e1vel \u00e9 o fator mais importante para o sucesso de uma empresa.\" \/>\n<meta name=\"robots\" content=\"index, follow, max-snippet:-1, max-image-preview:large, max-video-preview:-1\" \/>\n<link rel=\"canonical\" href=\"https:\/\/loja.springschool.me\/en\/product\/a-vantagem-decisiva\/\" \/>\n<meta property=\"og:locale\" content=\"en_US\" \/>\n<meta property=\"og:type\" content=\"article\" \/>\n<meta property=\"og:title\" content=\"A vantagem decisiva - Spring School - Loja Virtual\" \/>\n<meta property=\"og:description\" content=\"Promo\u00e7\u00e3o com estoque limitado! A vantagem decisiva: Por que ter uma cultura saud\u00e1vel \u00e9 o fator mais importante para o sucesso de uma empresa.\" \/>\n<meta property=\"og:url\" content=\"https:\/\/loja.springschool.me\/en\/product\/a-vantagem-decisiva\/\" \/>\n<meta property=\"og:site_name\" content=\"Spring School - Loja Virtual\" \/>\n<meta property=\"article:modified_time\" content=\"2024-07-17T16:08:18+00:00\" \/>\n<meta property=\"og:image\" content=\"https:\/\/loja.springschool.me\/wp-content\/uploads\/2023\/10\/spring-school-loja-livro-a-vantagem-decisiva-01.jpg\" \/>\n\t<meta property=\"og:image:width\" content=\"1000\" \/>\n\t<meta property=\"og:image:height\" content=\"1000\" \/>\n\t<meta property=\"og:image:type\" content=\"image\/jpeg\" \/>\n<meta name=\"twitter:card\" content=\"summary_large_image\" \/>\n<meta name=\"twitter:label1\" content=\"Est. reading time\" \/>\n\t<meta name=\"twitter:data1\" content=\"1 minute\" \/>\n<script type=\"application\/ld+json\" class=\"yoast-schema-graph\">{\"@context\":\"https:\/\/schema.org\",\"@graph\":[{\"@type\":\"WebPage\",\"@id\":\"https:\/\/loja.springschool.me\/produto\/a-vantagem-decisiva\/\",\"url\":\"https:\/\/loja.springschool.me\/produto\/a-vantagem-decisiva\/\",\"name\":\"A vantagem decisiva - Spring School - Loja Virtual\",\"isPartOf\":{\"@id\":\"https:\/\/loja.springschool.me\/#website\"},\"datePublished\":\"2023-10-09T14:17:40+00:00\",\"dateModified\":\"2024-07-17T16:08:18+00:00\",\"description\":\"Promo\u00e7\u00e3o com estoque limitado! A vantagem decisiva: Por que ter uma cultura saud\u00e1vel \u00e9 o fator mais importante para o sucesso de uma empresa.\",\"breadcrumb\":{\"@id\":\"https:\/\/loja.springschool.me\/produto\/a-vantagem-decisiva\/#breadcrumb\"},\"inLanguage\":\"en-US\",\"potentialAction\":[{\"@type\":\"ReadAction\",\"target\":[\"https:\/\/loja.springschool.me\/produto\/a-vantagem-decisiva\/\"]}]},{\"@type\":\"BreadcrumbList\",\"@id\":\"https:\/\/loja.springschool.me\/produto\/a-vantagem-decisiva\/#breadcrumb\",\"itemListElement\":[{\"@type\":\"ListItem\",\"position\":1,\"name\":\"In\u00edcio\",\"item\":\"https:\/\/loja.springschool.me\/\"},{\"@type\":\"ListItem\",\"position\":2,\"name\":\"Shop\",\"item\":\"https:\/\/loja.springschool.me\/shop\/\"},{\"@type\":\"ListItem\",\"position\":3,\"name\":\"A vantagem decisiva\"}]},{\"@type\":\"WebSite\",\"@id\":\"https:\/\/loja.springschool.me\/#website\",\"url\":\"https:\/\/loja.springschool.me\/\",\"name\":\"Spring School - Loja Virtual\",\"description\":\"Just another WordPress site\",\"potentialAction\":[{\"@type\":\"SearchAction\",\"target\":{\"@type\":\"EntryPoint\",\"urlTemplate\":\"https:\/\/loja.springschool.me\/?s={search_term_string}\"},\"query-input\":\"required name=search_term_string\"}],\"inLanguage\":\"en-US\"}]}<\/script>\n<!-- \/ Yoast SEO plugin. -->","yoast_head_json":{"title":"A vantagem decisiva - Spring School - Loja Virtual","description":"Promo\u00e7\u00e3o com estoque limitado! A vantagem decisiva: Por que ter uma cultura saud\u00e1vel \u00e9 o fator mais importante para o sucesso de uma empresa.","robots":{"index":"index","follow":"follow","max-snippet":"max-snippet:-1","max-image-preview":"max-image-preview:large","max-video-preview":"max-video-preview:-1"},"canonical":"https:\/\/loja.springschool.me\/en\/product\/a-vantagem-decisiva\/","og_locale":"en_US","og_type":"article","og_title":"A vantagem decisiva - Spring School - Loja Virtual","og_description":"Promo\u00e7\u00e3o com estoque limitado! A vantagem decisiva: Por que ter uma cultura saud\u00e1vel \u00e9 o fator mais importante para o sucesso de uma empresa.","og_url":"https:\/\/loja.springschool.me\/en\/product\/a-vantagem-decisiva\/","og_site_name":"Spring School - Loja Virtual","article_modified_time":"2024-07-17T16:08:18+00:00","og_image":[{"width":1000,"height":1000,"url":"https:\/\/loja.springschool.me\/wp-content\/uploads\/2023\/10\/spring-school-loja-livro-a-vantagem-decisiva-01.jpg","type":"image\/jpeg"}],"twitter_card":"summary_large_image","twitter_misc":{"Est. reading time":"1 minute"},"schema":{"@context":"https:\/\/schema.org","@graph":[{"@type":"WebPage","@id":"https:\/\/loja.springschool.me\/produto\/a-vantagem-decisiva\/","url":"https:\/\/loja.springschool.me\/produto\/a-vantagem-decisiva\/","name":"A vantagem decisiva - Spring School - Loja Virtual","isPartOf":{"@id":"https:\/\/loja.springschool.me\/#website"},"datePublished":"2023-10-09T14:17:40+00:00","dateModified":"2024-07-17T16:08:18+00:00","description":"Promo\u00e7\u00e3o com estoque limitado! A vantagem decisiva: Por que ter uma cultura saud\u00e1vel \u00e9 o fator mais importante para o sucesso de uma empresa.","breadcrumb":{"@id":"https:\/\/loja.springschool.me\/produto\/a-vantagem-decisiva\/#breadcrumb"},"inLanguage":"en-US","potentialAction":[{"@type":"ReadAction","target":["https:\/\/loja.springschool.me\/produto\/a-vantagem-decisiva\/"]}]},{"@type":"BreadcrumbList","@id":"https:\/\/loja.springschool.me\/produto\/a-vantagem-decisiva\/#breadcrumb","itemListElement":[{"@type":"ListItem","position":1,"name":"In\u00edcio","item":"https:\/\/loja.springschool.me\/"},{"@type":"ListItem","position":2,"name":"Shop","item":"https:\/\/loja.springschool.me\/shop\/"},{"@type":"ListItem","position":3,"name":"A vantagem decisiva"}]},{"@type":"WebSite","@id":"https:\/\/loja.springschool.me\/#website","url":"https:\/\/loja.springschool.me\/","name":"Spring School - Loja Virtual","description":"Just another WordPress site","potentialAction":[{"@type":"SearchAction","target":{"@type":"EntryPoint","urlTemplate":"https:\/\/loja.springschool.me\/?s={search_term_string}"},"query-input":"required name=search_term_string"}],"inLanguage":"en-US"}]}},"_links":{"self":[{"href":"https:\/\/loja.springschool.me\/en\/wp-json\/wp\/v2\/product\/1375"}],"collection":[{"href":"https:\/\/loja.springschool.me\/en\/wp-json\/wp\/v2\/product"}],"about":[{"href":"https:\/\/loja.springschool.me\/en\/wp-json\/wp\/v2\/types\/product"}],"version-history":[{"count":1,"href":"https:\/\/loja.springschool.me\/en\/wp-json\/wp\/v2\/product\/1375\/revisions"}],"predecessor-version":[{"id":1377,"href":"https:\/\/loja.springschool.me\/en\/wp-json\/wp\/v2\/product\/1375\/revisions\/1377"}],"wp:featuredmedia":[{"embeddable":true,"href":"https:\/\/loja.springschool.me\/en\/wp-json\/wp\/v2\/media\/1376"}],"wp:attachment":[{"href":"https:\/\/loja.springschool.me\/en\/wp-json\/wp\/v2\/media?parent=1375"}],"wp:term":[{"taxonomy":"product_cat","embeddable":true,"href":"https:\/\/loja.springschool.me\/en\/wp-json\/wp\/v2\/product_cat?post=1375"},{"taxonomy":"product_tag","embeddable":true,"href":"https:\/\/loja.springschool.me\/en\/wp-json\/wp\/v2\/product_tag?post=1375"}],"curies":[{"name":"wp","href":"https:\/\/api.w.org\/{rel}","templated":true}]}}