{"id":1367,"date":"2023-10-09T13:56:12","date_gmt":"2023-10-09T13:56:12","guid":{"rendered":"https:\/\/loja.springschool.me\/?post_type=product&#038;p=1367"},"modified":"2024-07-25T00:08:14","modified_gmt":"2024-07-25T00:08:14","slug":"mais-importante-que-o-dinheiro-equipe-de-empreendedores","status":"publish","type":"product","link":"https:\/\/loja.springschool.me\/en\/product\/mais-importante-que-o-dinheiro-equipe-de-empreendedores\/","title":{"rendered":"More important than money: team of entrepreneurs"},"content":{"rendered":"<h3>About the author<\/h3>\n<p>Robert Kiyosaki, author of Rich Dad Poor Dad\u2014the runaway international bestseller that has held a prominent place on the New York Times bestseller list for more than six years\u2014is an investor, entrepreneur, and educator whose perspectives on money and investing are seen in the face of popular wisdom. He has almost single-handedly challenged and changed the way tens of millions around the world think about money. By communicating his point of view on why \u201cold\u201d advice \u2013 get a good job, save money and get out of debt, invest for the long term and diversify \u2013 is &#039;bad&#039; (obsolete and imperfect) advice, Robert gained a reputation for straight talk, irreverence, and courage. Rich Dad Poor Dad is the longest-running bestseller in all four countries. lists that report to Publisher&#039;s Weekly \u2013 The New York Times, Business Week, The Wall Street Journal and USA Today \u2013 and have been named \u201cUSA Today&#039;s No. 1 Money Book\u201d two years in a row. Translated into 51 languages and available in 109 countries, the Rich Dad series has sold more than 27 million copies worldwide and dominated bestseller lists in Asia, Australia, South America, Mexico and Europe. In 2005, Robert was inducted into Amazon&#039;s Hall of Fame as one of the bookseller&#039;s top 25 authors. There are currently 26 books in the Rich Dad series. In 2006, Robert teamed up with Donald Trump to co-author Why We Want You to Be Rich \u2013 Two Men \u2013 One Message. It debuted at number one on the New York Times bestseller list. Robert writes a bi-weekly column \u2013 &#039;Why the Rich Are Getting Richer&#039; \u2013 for Yahoo! Before writing Rich Dad Poor Dad, Robert created the educational board game CASHFLOW 101 to teach people the financial and investing strategies his rich dad spent years teaching him. It was these same strategies that allowed Robert to retire at age 47. Today, there are more than 2,100 CASHFLOW clubs \u2013 independent gaming groups from the Rich Dad Company \u2013 in cities around the world. Born and raised in Hawaii, Robert Kiyosaki is fourth generation Japanese-American. After graduating from college in New York, Robert joined the Marine Corps and served in Vietnam as an officer and helicopter pilot. After the war, Robert began working in sales for the Xerox Corporation, and in 1977 he started a company that brought the first nylon and velcro &#039;surfer wallets&#039; to the market. He founded an international education company in 1985 that taught business and investing to tens of thousands of students around the world. In 1994, Robert sold his business and, through his investments, was able to retire at age 47. During his retirement he wrote Rich Dad Poor Dad.<\/p>","protected":false},"excerpt":{"rendered":"<p><strong>Super Promotion with limited stock!<\/strong><\/p>\n<p>More Important than Money teaches you how essential teamwork is and how it can be your real source of wealth. But, if you don&#039;t know how to start building your team, don&#039;t worry, this book will guide you along this path, including showing you what you need to know when interviewing and hiring a consultant. Meet and learn from Rich Dad&#039;s champion team to be able to build your own team, with noble and rich values and missions just like Rich Dad. Start now.<\/p>","protected":false},"featured_media":1374,"template":"","meta":[],"product_cat":[20],"product_tag":[59,58],"yoast_head":"<!-- This site is optimized with the Yoast SEO plugin v20.11 - https:\/\/yoast.com\/wordpress\/plugins\/seo\/ -->\n<title>Mais importante que o dinheiro: equipe de empreendedores - Spring School - Loja Virtual<\/title>\n<meta name=\"description\" content=\"Promo\u00e7\u00e3o com estoque limitado! Mais Importante que o Dinheiro ensina o quanto o trabalho em equipe \u00e9 essencial e como pode ser sua real fonte de riqueza.\" \/>\n<meta name=\"robots\" content=\"index, follow, max-snippet:-1, max-image-preview:large, max-video-preview:-1\" \/>\n<link rel=\"canonical\" href=\"https:\/\/loja.springschool.me\/en\/product\/mais-importante-que-o-dinheiro-equipe-de-empreendedores\/\" \/>\n<meta property=\"og:locale\" content=\"en_US\" \/>\n<meta property=\"og:type\" content=\"article\" \/>\n<meta property=\"og:title\" content=\"Mais importante que o dinheiro: equipe de empreendedores - Spring School - Loja Virtual\" \/>\n<meta property=\"og:description\" content=\"Promo\u00e7\u00e3o com estoque limitado! Mais Importante que o Dinheiro ensina o quanto o trabalho em equipe \u00e9 essencial e como pode ser sua real fonte de riqueza.\" \/>\n<meta property=\"og:url\" content=\"https:\/\/loja.springschool.me\/en\/product\/mais-importante-que-o-dinheiro-equipe-de-empreendedores\/\" \/>\n<meta property=\"og:site_name\" content=\"Spring School - Loja Virtual\" \/>\n<meta property=\"article:modified_time\" content=\"2024-07-25T00:08:14+00:00\" \/>\n<meta property=\"og:image\" content=\"https:\/\/loja.springschool.me\/wp-content\/uploads\/2023\/10\/spring-school-loja-livro-mais-importante-que-o-dinheiro-02.jpg\" \/>\n\t<meta property=\"og:image:width\" content=\"1000\" \/>\n\t<meta property=\"og:image:height\" content=\"1000\" \/>\n\t<meta property=\"og:image:type\" content=\"image\/jpeg\" \/>\n<meta name=\"twitter:card\" content=\"summary_large_image\" \/>\n<meta name=\"twitter:label1\" content=\"Est. reading time\" \/>\n\t<meta name=\"twitter:data1\" content=\"3 minutes\" \/>\n<script type=\"application\/ld+json\" class=\"yoast-schema-graph\">{\"@context\":\"https:\/\/schema.org\",\"@graph\":[{\"@type\":\"WebPage\",\"@id\":\"https:\/\/loja.springschool.me\/produto\/mais-importante-que-o-dinheiro-equipe-de-empreendedores\/\",\"url\":\"https:\/\/loja.springschool.me\/produto\/mais-importante-que-o-dinheiro-equipe-de-empreendedores\/\",\"name\":\"Mais importante que o dinheiro: equipe de empreendedores - Spring School - Loja Virtual\",\"isPartOf\":{\"@id\":\"https:\/\/loja.springschool.me\/#website\"},\"datePublished\":\"2023-10-09T13:56:12+00:00\",\"dateModified\":\"2024-07-25T00:08:14+00:00\",\"description\":\"Promo\u00e7\u00e3o com estoque limitado! Mais Importante que o Dinheiro ensina o quanto o trabalho em equipe \u00e9 essencial e como pode ser sua real fonte de riqueza.\",\"breadcrumb\":{\"@id\":\"https:\/\/loja.springschool.me\/produto\/mais-importante-que-o-dinheiro-equipe-de-empreendedores\/#breadcrumb\"},\"inLanguage\":\"en-US\",\"potentialAction\":[{\"@type\":\"ReadAction\",\"target\":[\"https:\/\/loja.springschool.me\/produto\/mais-importante-que-o-dinheiro-equipe-de-empreendedores\/\"]}]},{\"@type\":\"BreadcrumbList\",\"@id\":\"https:\/\/loja.springschool.me\/produto\/mais-importante-que-o-dinheiro-equipe-de-empreendedores\/#breadcrumb\",\"itemListElement\":[{\"@type\":\"ListItem\",\"position\":1,\"name\":\"In\u00edcio\",\"item\":\"https:\/\/loja.springschool.me\/\"},{\"@type\":\"ListItem\",\"position\":2,\"name\":\"Shop\",\"item\":\"https:\/\/loja.springschool.me\/shop\/\"},{\"@type\":\"ListItem\",\"position\":3,\"name\":\"Mais importante que o dinheiro: equipe de empreendedores\"}]},{\"@type\":\"WebSite\",\"@id\":\"https:\/\/loja.springschool.me\/#website\",\"url\":\"https:\/\/loja.springschool.me\/\",\"name\":\"Spring School - Loja Virtual\",\"description\":\"Just another WordPress site\",\"potentialAction\":[{\"@type\":\"SearchAction\",\"target\":{\"@type\":\"EntryPoint\",\"urlTemplate\":\"https:\/\/loja.springschool.me\/?s={search_term_string}\"},\"query-input\":\"required name=search_term_string\"}],\"inLanguage\":\"en-US\"}]}<\/script>\n<!-- \/ Yoast SEO plugin. -->","yoast_head_json":{"title":"Mais importante que o dinheiro: equipe de empreendedores - Spring School - Loja Virtual","description":"Promo\u00e7\u00e3o com estoque limitado! Mais Importante que o Dinheiro ensina o quanto o trabalho em equipe \u00e9 essencial e como pode ser sua real fonte de riqueza.","robots":{"index":"index","follow":"follow","max-snippet":"max-snippet:-1","max-image-preview":"max-image-preview:large","max-video-preview":"max-video-preview:-1"},"canonical":"https:\/\/loja.springschool.me\/en\/product\/mais-importante-que-o-dinheiro-equipe-de-empreendedores\/","og_locale":"en_US","og_type":"article","og_title":"Mais importante que o dinheiro: equipe de empreendedores - Spring School - Loja Virtual","og_description":"Promo\u00e7\u00e3o com estoque limitado! Mais Importante que o Dinheiro ensina o quanto o trabalho em equipe \u00e9 essencial e como pode ser sua real fonte de riqueza.","og_url":"https:\/\/loja.springschool.me\/en\/product\/mais-importante-que-o-dinheiro-equipe-de-empreendedores\/","og_site_name":"Spring School - Loja Virtual","article_modified_time":"2024-07-25T00:08:14+00:00","og_image":[{"width":1000,"height":1000,"url":"https:\/\/loja.springschool.me\/wp-content\/uploads\/2023\/10\/spring-school-loja-livro-mais-importante-que-o-dinheiro-02.jpg","type":"image\/jpeg"}],"twitter_card":"summary_large_image","twitter_misc":{"Est. reading time":"3 minutes"},"schema":{"@context":"https:\/\/schema.org","@graph":[{"@type":"WebPage","@id":"https:\/\/loja.springschool.me\/produto\/mais-importante-que-o-dinheiro-equipe-de-empreendedores\/","url":"https:\/\/loja.springschool.me\/produto\/mais-importante-que-o-dinheiro-equipe-de-empreendedores\/","name":"Mais importante que o dinheiro: equipe de empreendedores - Spring School - Loja Virtual","isPartOf":{"@id":"https:\/\/loja.springschool.me\/#website"},"datePublished":"2023-10-09T13:56:12+00:00","dateModified":"2024-07-25T00:08:14+00:00","description":"Promo\u00e7\u00e3o com estoque limitado! Mais Importante que o Dinheiro ensina o quanto o trabalho em equipe \u00e9 essencial e como pode ser sua real fonte de riqueza.","breadcrumb":{"@id":"https:\/\/loja.springschool.me\/produto\/mais-importante-que-o-dinheiro-equipe-de-empreendedores\/#breadcrumb"},"inLanguage":"en-US","potentialAction":[{"@type":"ReadAction","target":["https:\/\/loja.springschool.me\/produto\/mais-importante-que-o-dinheiro-equipe-de-empreendedores\/"]}]},{"@type":"BreadcrumbList","@id":"https:\/\/loja.springschool.me\/produto\/mais-importante-que-o-dinheiro-equipe-de-empreendedores\/#breadcrumb","itemListElement":[{"@type":"ListItem","position":1,"name":"In\u00edcio","item":"https:\/\/loja.springschool.me\/"},{"@type":"ListItem","position":2,"name":"Shop","item":"https:\/\/loja.springschool.me\/shop\/"},{"@type":"ListItem","position":3,"name":"Mais importante que o dinheiro: equipe de empreendedores"}]},{"@type":"WebSite","@id":"https:\/\/loja.springschool.me\/#website","url":"https:\/\/loja.springschool.me\/","name":"Spring School - Loja Virtual","description":"Just another WordPress site","potentialAction":[{"@type":"SearchAction","target":{"@type":"EntryPoint","urlTemplate":"https:\/\/loja.springschool.me\/?s={search_term_string}"},"query-input":"required name=search_term_string"}],"inLanguage":"en-US"}]}},"_links":{"self":[{"href":"https:\/\/loja.springschool.me\/en\/wp-json\/wp\/v2\/product\/1367"}],"collection":[{"href":"https:\/\/loja.springschool.me\/en\/wp-json\/wp\/v2\/product"}],"about":[{"href":"https:\/\/loja.springschool.me\/en\/wp-json\/wp\/v2\/types\/product"}],"version-history":[{"count":5,"href":"https:\/\/loja.springschool.me\/en\/wp-json\/wp\/v2\/product\/1367\/revisions"}],"predecessor-version":[{"id":1373,"href":"https:\/\/loja.springschool.me\/en\/wp-json\/wp\/v2\/product\/1367\/revisions\/1373"}],"wp:featuredmedia":[{"embeddable":true,"href":"https:\/\/loja.springschool.me\/en\/wp-json\/wp\/v2\/media\/1374"}],"wp:attachment":[{"href":"https:\/\/loja.springschool.me\/en\/wp-json\/wp\/v2\/media?parent=1367"}],"wp:term":[{"taxonomy":"product_cat","embeddable":true,"href":"https:\/\/loja.springschool.me\/en\/wp-json\/wp\/v2\/product_cat?post=1367"},{"taxonomy":"product_tag","embeddable":true,"href":"https:\/\/loja.springschool.me\/en\/wp-json\/wp\/v2\/product_tag?post=1367"}],"curies":[{"name":"wp","href":"https:\/\/api.w.org\/{rel}","templated":true}]}}