{"id":1485,"date":"2024-06-24T17:08:16","date_gmt":"2024-06-24T17:08:16","guid":{"rendered":"https:\/\/loja.springschool.me\/?page_id=1485"},"modified":"2024-06-24T17:22:59","modified_gmt":"2024-06-24T17:22:59","slug":"solicitar-devolucao-cancelamento","status":"publish","type":"page","link":"https:\/\/loja.springschool.me\/en\/solicitar-devolucao-cancelamento\/","title":{"rendered":"Request a refund\/cancellation"},"content":{"rendered":"<div data-elementor-type=\"wp-page\" data-elementor-id=\"1485\" class=\"elementor elementor-1485\">\n\t\t\t\t\t\t\t\t\t<section data-particle_enable=\"false\" data-particle-mobile-disabled=\"false\" class=\"elementor-section elementor-top-section elementor-element elementor-element-240d441 elementor-section-stretched elementor-section-boxed elementor-section-height-default elementor-section-height-default\" data-id=\"240d441\" data-element_type=\"section\" data-settings=\"{&quot;stretch_section&quot;:&quot;section-stretched&quot;}\">\n\t\t\t\t\t\t<div class=\"elementor-container elementor-column-gap-default\">\n\t\t\t\t\t<div class=\"elementor-column elementor-col-100 elementor-top-column elementor-element elementor-element-b6796d1\" data-id=\"b6796d1\" data-element_type=\"column\">\n\t\t\t<div class=\"elementor-widget-wrap elementor-element-populated\">\n\t\t\t\t\t\t\t\t<div class=\"elementor-element elementor-element-689d96c elementor-widget elementor-widget-text-editor\" data-id=\"689d96c\" data-element_type=\"widget\" data-widget_type=\"text-editor.default\">\n\t\t\t\t<div class=\"elementor-widget-container\">\n\t\t\t<style>\/*! elementor - v3.14.0 - 26-06-2023 *\/\n.elementor-widget-text-editor.elementor-drop-cap-view-stacked .elementor-drop-cap{background-color:#69727d;color:#fff}.elementor-widget-text-editor.elementor-drop-cap-view-framed .elementor-drop-cap{color:#69727d;border:3px solid;background-color:transparent}.elementor-widget-text-editor:not(.elementor-drop-cap-view-default) .elementor-drop-cap{margin-top:8px}.elementor-widget-text-editor:not(.elementor-drop-cap-view-default) .elementor-drop-cap-letter{width:1em;height:1em}.elementor-widget-text-editor .elementor-drop-cap{float:left;text-align:center;line-height:1;font-size:50px}.elementor-widget-text-editor .elementor-drop-cap-letter{display:inline-block}<\/style>\t\t\t\t<h1>Request return or cancellation<\/h1><p><span style=\"font-weight: 400;\">Return Policy for Online Sales.<\/span><\/p><p><span style=\"font-weight: 400;\">All occurrences involving exchanges or returns must be made within a period of up to 24 hours from the delivery date and must be communicated to our customer service sector.<\/span><\/p><ol><li><span style=\"font-weight: 400;\"> When to refuse the product<\/span><\/li><\/ol><p><span style=\"font-weight: 400;\">The products are sent to the customer exactly as they were delivered to us by the manufacturer. If any of the following situations occur, refuse receipt and write the reason for refusal:<\/span><\/p><p><span style=\"font-weight: 400;\">\u2013 open or damaged packaging;<\/span><\/p><p><span style=\"font-weight: 400;\">\u2013 defective product;<\/span><\/p><p><span style=\"font-weight: 400;\">\u2013 product not in accordance with the order;<\/span><\/p><p><span style=\"font-weight: 400;\">\u2013 lack of accessories.<\/span><\/p><p><span style=\"font-weight: 400;\">If you still accept the product, please contact customer service within 72 hours: +81 80-4545-4596<\/span><\/p><p><span style=\"font-weight: 400;\">In case of return, it is essential to follow the following instructions:<\/span><\/p><p><span style=\"font-weight: 400;\">\u2013 pack the product in its original or similar packaging;<\/span><\/p><p><span style=\"font-weight: 400;\">\u2013 return all items\/accessories that came with the product;<\/span><\/p><p><span style=\"font-weight: 400;\">\u2013 immediately contact our service and support team.<\/span><\/p><p><span style=\"font-weight: 400;\">Refund of amount paid<\/span><\/p><p><span style=\"font-weight: 400;\">The refund of amounts paid is made using the same payment method chosen in the purchase process.<\/span><\/p><p><span style=\"font-weight: 400;\">For purchases paid by credit card, the card company will be notified and the reversal will occur on the next or subsequent invoice, at once, regardless of the number of installments used in the purchase. The refund period depends on the card issuer.<\/span><\/p><p><span style=\"font-weight: 400;\">In purchases paid by bank slip or direct debit, the refund will be made through bank deposit, within 10 (ten) business days, only in the buyer&#039;s checking account, which must be individual.\u00a0<\/span><\/p><p><span style=\"font-weight: 400;\">The refund of amounts will be processed only after receipt and analysis of the products at the Distribution Center.<\/span><\/p>\t\t\t\t\t\t<\/div>\n\t\t\t\t<\/div>\n\t\t\t\t\t<\/div>\n\t\t<\/div>\n\t\t\t\t\t\t\t<\/div>\n\t\t<\/section>\n\t\t\t\t\t\t\t<\/div>","protected":false},"excerpt":{"rendered":"<p>Requesting a return or cancellation Return Policy for Online Sales. All occurrences involving exchange or return must be made within 24 hours from the date of delivery and must be communicated to our customer service department. When to refuse the product Products are sent to the customer exactly as \u2026 <br \/><a href=\"https:\/\/loja.springschool.me\/en\/solicitar-devolucao-cancelamento\/\" class=\"more-link\">Continue reading <span class=\"screen-reader-text\">Request a refund\/cancellation<\/span><\/a><\/p>","protected":false},"author":1,"featured_media":694,"parent":0,"menu_order":0,"comment_status":"closed","ping_status":"closed","template":"","meta":{"footnotes":""},"yoast_head":"<!-- This site is optimized with the Yoast SEO plugin v20.11 - https:\/\/yoast.com\/wordpress\/plugins\/seo\/ -->\n<title>Solicitar devolu\u00e7\u00e3o\/cancelamento - Spring School - Loja Virtual<\/title>\n<meta name=\"description\" content=\"A pol\u00edtica de cancelamento, troca ou devolu\u00e7\u00e3o do produto aqui na Spring School \u00e9 bem clara e objetiva. Acesse a p\u00e1gina e saiba como!\" \/>\n<meta name=\"robots\" content=\"index, follow, max-snippet:-1, max-image-preview:large, max-video-preview:-1\" \/>\n<link rel=\"canonical\" href=\"https:\/\/loja.springschool.me\/en\/solicitar-devolucao-cancelamento\/\" \/>\n<meta property=\"og:locale\" content=\"en_US\" \/>\n<meta property=\"og:type\" content=\"article\" \/>\n<meta property=\"og:title\" content=\"Solicitar devolu\u00e7\u00e3o\/cancelamento - Spring School - Loja Virtual\" \/>\n<meta property=\"og:description\" content=\"A pol\u00edtica de cancelamento, troca ou devolu\u00e7\u00e3o do produto aqui na Spring School \u00e9 bem clara e objetiva. Acesse a p\u00e1gina e saiba como!\" \/>\n<meta property=\"og:url\" content=\"https:\/\/loja.springschool.me\/en\/solicitar-devolucao-cancelamento\/\" \/>\n<meta property=\"og:site_name\" content=\"Spring School - Loja Virtual\" \/>\n<meta property=\"article:modified_time\" content=\"2024-06-24T17:22:59+00:00\" \/>\n<meta property=\"og:image\" content=\"http:\/\/loja.springschool.me\/wp-content\/uploads\/2022\/12\/spring-logo-OG.jpg\" \/>\n\t<meta property=\"og:image:width\" content=\"800\" \/>\n\t<meta property=\"og:image:height\" content=\"800\" \/>\n\t<meta property=\"og:image:type\" content=\"image\/jpeg\" \/>\n<meta name=\"twitter:card\" content=\"summary_large_image\" \/>\n<meta name=\"twitter:label1\" content=\"Est. reading time\" \/>\n\t<meta name=\"twitter:data1\" content=\"2 minutes\" \/>\n<script type=\"application\/ld+json\" class=\"yoast-schema-graph\">{\"@context\":\"https:\/\/schema.org\",\"@graph\":[{\"@type\":\"WebPage\",\"@id\":\"https:\/\/loja.springschool.me\/solicitar-devolucao-cancelamento\/\",\"url\":\"https:\/\/loja.springschool.me\/solicitar-devolucao-cancelamento\/\",\"name\":\"Solicitar devolu\u00e7\u00e3o\/cancelamento - Spring School - Loja Virtual\",\"isPartOf\":{\"@id\":\"https:\/\/loja.springschool.me\/#website\"},\"datePublished\":\"2024-06-24T17:08:16+00:00\",\"dateModified\":\"2024-06-24T17:22:59+00:00\",\"description\":\"A pol\u00edtica de cancelamento, troca ou devolu\u00e7\u00e3o do produto aqui na Spring School \u00e9 bem clara e objetiva. Acesse a p\u00e1gina e saiba como!\",\"breadcrumb\":{\"@id\":\"https:\/\/loja.springschool.me\/solicitar-devolucao-cancelamento\/#breadcrumb\"},\"inLanguage\":\"en-US\",\"potentialAction\":[{\"@type\":\"ReadAction\",\"target\":[\"https:\/\/loja.springschool.me\/solicitar-devolucao-cancelamento\/\"]}]},{\"@type\":\"BreadcrumbList\",\"@id\":\"https:\/\/loja.springschool.me\/solicitar-devolucao-cancelamento\/#breadcrumb\",\"itemListElement\":[{\"@type\":\"ListItem\",\"position\":1,\"name\":\"In\u00edcio\",\"item\":\"https:\/\/loja.springschool.me\/\"},{\"@type\":\"ListItem\",\"position\":2,\"name\":\"Solicitar devolu\u00e7\u00e3o\/cancelamento\"}]},{\"@type\":\"WebSite\",\"@id\":\"https:\/\/loja.springschool.me\/#website\",\"url\":\"https:\/\/loja.springschool.me\/\",\"name\":\"Spring School - Loja Virtual\",\"description\":\"Just another WordPress site\",\"potentialAction\":[{\"@type\":\"SearchAction\",\"target\":{\"@type\":\"EntryPoint\",\"urlTemplate\":\"https:\/\/loja.springschool.me\/?s={search_term_string}\"},\"query-input\":\"required name=search_term_string\"}],\"inLanguage\":\"en-US\"}]}<\/script>\n<!-- \/ Yoast SEO plugin. -->","yoast_head_json":{"title":"Solicitar devolu\u00e7\u00e3o\/cancelamento - Spring School - Loja Virtual","description":"A pol\u00edtica de cancelamento, troca ou devolu\u00e7\u00e3o do produto aqui na Spring School \u00e9 bem clara e objetiva. Acesse a p\u00e1gina e saiba como!","robots":{"index":"index","follow":"follow","max-snippet":"max-snippet:-1","max-image-preview":"max-image-preview:large","max-video-preview":"max-video-preview:-1"},"canonical":"https:\/\/loja.springschool.me\/en\/solicitar-devolucao-cancelamento\/","og_locale":"en_US","og_type":"article","og_title":"Solicitar devolu\u00e7\u00e3o\/cancelamento - Spring School - Loja Virtual","og_description":"A pol\u00edtica de cancelamento, troca ou devolu\u00e7\u00e3o do produto aqui na Spring School \u00e9 bem clara e objetiva. Acesse a p\u00e1gina e saiba como!","og_url":"https:\/\/loja.springschool.me\/en\/solicitar-devolucao-cancelamento\/","og_site_name":"Spring School - Loja Virtual","article_modified_time":"2024-06-24T17:22:59+00:00","og_image":[{"width":800,"height":800,"url":"http:\/\/loja.springschool.me\/wp-content\/uploads\/2022\/12\/spring-logo-OG.jpg","type":"image\/jpeg"}],"twitter_card":"summary_large_image","twitter_misc":{"Est. reading time":"2 minutes"},"schema":{"@context":"https:\/\/schema.org","@graph":[{"@type":"WebPage","@id":"https:\/\/loja.springschool.me\/solicitar-devolucao-cancelamento\/","url":"https:\/\/loja.springschool.me\/solicitar-devolucao-cancelamento\/","name":"Solicitar devolu\u00e7\u00e3o\/cancelamento - Spring School - Loja Virtual","isPartOf":{"@id":"https:\/\/loja.springschool.me\/#website"},"datePublished":"2024-06-24T17:08:16+00:00","dateModified":"2024-06-24T17:22:59+00:00","description":"A pol\u00edtica de cancelamento, troca ou devolu\u00e7\u00e3o do produto aqui na Spring School \u00e9 bem clara e objetiva. Acesse a p\u00e1gina e saiba como!","breadcrumb":{"@id":"https:\/\/loja.springschool.me\/solicitar-devolucao-cancelamento\/#breadcrumb"},"inLanguage":"en-US","potentialAction":[{"@type":"ReadAction","target":["https:\/\/loja.springschool.me\/solicitar-devolucao-cancelamento\/"]}]},{"@type":"BreadcrumbList","@id":"https:\/\/loja.springschool.me\/solicitar-devolucao-cancelamento\/#breadcrumb","itemListElement":[{"@type":"ListItem","position":1,"name":"In\u00edcio","item":"https:\/\/loja.springschool.me\/"},{"@type":"ListItem","position":2,"name":"Solicitar devolu\u00e7\u00e3o\/cancelamento"}]},{"@type":"WebSite","@id":"https:\/\/loja.springschool.me\/#website","url":"https:\/\/loja.springschool.me\/","name":"Spring School - Loja Virtual","description":"Just another WordPress site","potentialAction":[{"@type":"SearchAction","target":{"@type":"EntryPoint","urlTemplate":"https:\/\/loja.springschool.me\/?s={search_term_string}"},"query-input":"required name=search_term_string"}],"inLanguage":"en-US"}]}},"_links":{"self":[{"href":"https:\/\/loja.springschool.me\/en\/wp-json\/wp\/v2\/pages\/1485"}],"collection":[{"href":"https:\/\/loja.springschool.me\/en\/wp-json\/wp\/v2\/pages"}],"about":[{"href":"https:\/\/loja.springschool.me\/en\/wp-json\/wp\/v2\/types\/page"}],"author":[{"embeddable":true,"href":"https:\/\/loja.springschool.me\/en\/wp-json\/wp\/v2\/users\/1"}],"replies":[{"embeddable":true,"href":"https:\/\/loja.springschool.me\/en\/wp-json\/wp\/v2\/comments?post=1485"}],"version-history":[{"count":5,"href":"https:\/\/loja.springschool.me\/en\/wp-json\/wp\/v2\/pages\/1485\/revisions"}],"predecessor-version":[{"id":1494,"href":"https:\/\/loja.springschool.me\/en\/wp-json\/wp\/v2\/pages\/1485\/revisions\/1494"}],"wp:featuredmedia":[{"embeddable":true,"href":"https:\/\/loja.springschool.me\/en\/wp-json\/wp\/v2\/media\/694"}],"wp:attachment":[{"href":"https:\/\/loja.springschool.me\/en\/wp-json\/wp\/v2\/media?parent=1485"}],"curies":[{"name":"wp","href":"https:\/\/api.w.org\/{rel}","templated":true}]}}