{"id":13,"date":"2022-10-27T17:43:31","date_gmt":"2022-10-27T17:43:31","guid":{"rendered":"https:\/\/loja.springschool.me\/index.php\/my-account\/"},"modified":"2022-12-12T13:11:54","modified_gmt":"2022-12-12T13:11:54","slug":"minha-conta","status":"publish","type":"page","link":"https:\/\/loja.springschool.me\/en\/minha-conta\/","title":{"rendered":"My account"},"content":{"rendered":"<div class=\"woocommerce\"><div class=\"user\">\n\n\t<div id=\"customer_login_n7TnE\" class=\"register_login_wrapper active\">\n\t\t<h2 class=\"title\">Login<\/h2>\n\t\t<form method=\"post\" class=\"login\" role=\"form\" action=\"\">\n\n\t\t\t\n\t\t\t<p class=\"form-group form-row-wide\">\n\t\t\t\t<input type=\"text\" class=\"form-control\" name=\"username\" id=\"username\" value=\"\" placeholder=\"Username or Email *\" \/>\n\t\t\t<\/p>\n\t\t\t<p class=\"form-group form-row-wide\">\n\t\t\t\t<input class=\"form-control\" type=\"password\" name=\"password\" id=\"password\" placeholder=\"Password *\" \/>\n\t\t\t<\/p>\n\n\t\t\t\n\t\t\t<div class=\"form-group\">\n\t\t\t\t<input type=\"hidden\" id=\"woocommerce-login-nonce\" name=\"woocommerce-login-nonce\" value=\"7840235e40\" \/><input type=\"hidden\" name=\"_wp_http_referer\" value=\"\/en\/wp-json\/wp\/v2\/pages\/13\" \/>\t\t\t\t<div class=\"form-group clearfix\">\n\t\t\t\t\t<span class=\"inline pull-left\">\n\t\t\t\t\t\t<input name=\"rememberme\" type=\"checkbox\" id=\"rememberme\" value=\"forever\" \/> Remember me\t\t\t\t\t<\/span>\n\t\t\t\t\t<span class=\"lost_password pull-right\">\n\t\t\t\t\t\t<a href=\"https:\/\/loja.springschool.me\/en\/minha-conta\/lost-password\/\">Lost your password?<\/a>\n\t\t\t\t\t<\/span>\n\t\t\t\t<\/div>\n\t\t\t\t<input type=\"submit\" class=\"btn btn-theme btn-block\" name=\"login\" value=\"LOGIN\" \/>\n\t\t\t<\/div>\n\n\t\t\t\n\t\t<input type=\"hidden\" name=\"trp-form-language\" value=\"en\"\/><\/form>\n\n\t\t\t\t\t<div class=\"create text-center\">\n\t\t\t\tNo account yet? <a class=\"creat-account text-theme register-login-action\" href=\"#customer_register_n7TnE\"> Create an account<\/a>\n\t\t\t<\/div>\n\t\t\n\t<\/div>\n\n\n\t<div id=\"customer_register_n7TnE\" class=\"content-register register_login_wrapper\">\n\n\t\t<h2 class=\"title\">Register<\/h2>\n\t\t<form method=\"post\" class=\"register widget\" action=\"\"  >\n\n\t\t\t\n\t\t\t\n\t\t\t<p class=\"form-group form-row-wide\">\n\t\t\t\t<input type=\"email\" class=\"form-control\" name=\"email\" id=\"reg_email\" value=\"\" placeholder=\"Email address *\" \/>\n\t\t\t<\/p>\n\n\t\t\t\n\t\t\t\t<p>A password will be sent to your email address.<\/p>\n\n\t\t\t\n\n\t\t\t\n\t\t\t<p class=\"form-group wrapper-submit\">\n\t\t\t\t<input type=\"hidden\" id=\"woocommerce-register-nonce\" name=\"woocommerce-register-nonce\" value=\"d3819fc30c\" \/><input type=\"hidden\" name=\"_wp_http_referer\" value=\"\/en\/wp-json\/wp\/v2\/pages\/13\" \/>\t\t\t\t<button type=\"submit\" class=\"btn btn-theme btn-block\" name=\"register\" value=\"Register\">REGISTER<\/button>\n\t\t\t<\/p>\n\n\t\t\t\n\t\t<input type=\"hidden\" name=\"trp-form-language\" value=\"en\"\/><\/form>\n\n\t\t<div class=\"create text-center\">\n\t\t\tHave an Account. <a class=\"login-account text-theme register-login-action\" href=\"#customer_login_n7TnE\"> Login<\/a>\n\t\t<\/div>\n\n\t<\/div>\n\n<\/div>\n<\/div>","protected":false},"excerpt":{"rendered":"","protected":false},"author":1,"featured_media":694,"parent":0,"menu_order":0,"comment_status":"closed","ping_status":"closed","template":"","meta":{"footnotes":""},"yoast_head":"<!-- This site is optimized with the Yoast SEO plugin v20.11 - https:\/\/yoast.com\/wordpress\/plugins\/seo\/ -->\n<title>Minha conta - Spring School - Loja Virtual<\/title>\n<meta name=\"description\" content=\"P\u00e1gina para acessar configura\u00e7\u00f5es da conta pessoal da Loja Virtual Spring School, podendo alterar detalhes da mesma e algumas outras configura\u00e7\u00f5es...\" \/>\n<meta name=\"robots\" content=\"index, follow, max-snippet:-1, max-image-preview:large, max-video-preview:-1\" \/>\n<link rel=\"canonical\" href=\"https:\/\/loja.springschool.me\/en\/minha-conta\/\" \/>\n<meta property=\"og:locale\" content=\"en_US\" \/>\n<meta property=\"og:type\" content=\"article\" \/>\n<meta property=\"og:title\" content=\"Minha conta - Spring School - Loja Virtual\" \/>\n<meta property=\"og:description\" content=\"P\u00e1gina para acessar configura\u00e7\u00f5es da conta pessoal da Loja Virtual Spring School, podendo alterar detalhes da mesma e algumas outras configura\u00e7\u00f5es...\" \/>\n<meta property=\"og:url\" content=\"https:\/\/loja.springschool.me\/en\/minha-conta\/\" \/>\n<meta property=\"og:site_name\" content=\"Spring School - Loja Virtual\" \/>\n<meta property=\"article:modified_time\" content=\"2022-12-12T13:11:54+00:00\" \/>\n<meta property=\"og:image\" content=\"http:\/\/loja.springschool.me\/wp-content\/uploads\/2022\/12\/spring-logo-OG.jpg\" \/>\n\t<meta property=\"og:image:width\" content=\"800\" \/>\n\t<meta property=\"og:image:height\" content=\"800\" \/>\n\t<meta property=\"og:image:type\" content=\"image\/jpeg\" \/>\n<meta name=\"twitter:card\" content=\"summary_large_image\" \/>\n<meta name=\"twitter:label1\" content=\"Est. reading time\" \/>\n\t<meta name=\"twitter:data1\" content=\"1 minute\" \/>\n<script type=\"application\/ld+json\" class=\"yoast-schema-graph\">{\"@context\":\"https:\/\/schema.org\",\"@graph\":[{\"@type\":\"WebPage\",\"@id\":\"https:\/\/loja.springschool.me\/minha-conta\/\",\"url\":\"https:\/\/loja.springschool.me\/minha-conta\/\",\"name\":\"Minha conta - Spring School - Loja Virtual\",\"isPartOf\":{\"@id\":\"https:\/\/loja.springschool.me\/#website\"},\"datePublished\":\"2022-10-27T17:43:31+00:00\",\"dateModified\":\"2022-12-12T13:11:54+00:00\",\"description\":\"P\u00e1gina para acessar configura\u00e7\u00f5es da conta pessoal da Loja Virtual Spring School, podendo alterar detalhes da mesma e algumas outras configura\u00e7\u00f5es...\",\"breadcrumb\":{\"@id\":\"https:\/\/loja.springschool.me\/minha-conta\/#breadcrumb\"},\"inLanguage\":\"en-US\",\"potentialAction\":[{\"@type\":\"ReadAction\",\"target\":[\"https:\/\/loja.springschool.me\/minha-conta\/\"]}]},{\"@type\":\"BreadcrumbList\",\"@id\":\"https:\/\/loja.springschool.me\/minha-conta\/#breadcrumb\",\"itemListElement\":[{\"@type\":\"ListItem\",\"position\":1,\"name\":\"In\u00edcio\",\"item\":\"https:\/\/loja.springschool.me\/\"},{\"@type\":\"ListItem\",\"position\":2,\"name\":\"Minha conta\"}]},{\"@type\":\"WebSite\",\"@id\":\"https:\/\/loja.springschool.me\/#website\",\"url\":\"https:\/\/loja.springschool.me\/\",\"name\":\"Spring School - Loja Virtual\",\"description\":\"Just another WordPress site\",\"potentialAction\":[{\"@type\":\"SearchAction\",\"target\":{\"@type\":\"EntryPoint\",\"urlTemplate\":\"https:\/\/loja.springschool.me\/?s={search_term_string}\"},\"query-input\":\"required name=search_term_string\"}],\"inLanguage\":\"en-US\"}]}<\/script>\n<!-- \/ Yoast SEO plugin. -->","yoast_head_json":{"title":"Minha conta - Spring School - Loja Virtual","description":"P\u00e1gina para acessar configura\u00e7\u00f5es da conta pessoal da Loja Virtual Spring School, podendo alterar detalhes da mesma e algumas outras configura\u00e7\u00f5es...","robots":{"index":"index","follow":"follow","max-snippet":"max-snippet:-1","max-image-preview":"max-image-preview:large","max-video-preview":"max-video-preview:-1"},"canonical":"https:\/\/loja.springschool.me\/en\/minha-conta\/","og_locale":"en_US","og_type":"article","og_title":"Minha conta - Spring School - Loja Virtual","og_description":"P\u00e1gina para acessar configura\u00e7\u00f5es da conta pessoal da Loja Virtual Spring School, podendo alterar detalhes da mesma e algumas outras configura\u00e7\u00f5es...","og_url":"https:\/\/loja.springschool.me\/en\/minha-conta\/","og_site_name":"Spring School - Loja Virtual","article_modified_time":"2022-12-12T13:11:54+00:00","og_image":[{"width":800,"height":800,"url":"http:\/\/loja.springschool.me\/wp-content\/uploads\/2022\/12\/spring-logo-OG.jpg","type":"image\/jpeg"}],"twitter_card":"summary_large_image","twitter_misc":{"Est. reading time":"1 minute"},"schema":{"@context":"https:\/\/schema.org","@graph":[{"@type":"WebPage","@id":"https:\/\/loja.springschool.me\/minha-conta\/","url":"https:\/\/loja.springschool.me\/minha-conta\/","name":"Minha conta - Spring School - Loja Virtual","isPartOf":{"@id":"https:\/\/loja.springschool.me\/#website"},"datePublished":"2022-10-27T17:43:31+00:00","dateModified":"2022-12-12T13:11:54+00:00","description":"P\u00e1gina para acessar configura\u00e7\u00f5es da conta pessoal da Loja Virtual Spring School, podendo alterar detalhes da mesma e algumas outras configura\u00e7\u00f5es...","breadcrumb":{"@id":"https:\/\/loja.springschool.me\/minha-conta\/#breadcrumb"},"inLanguage":"en-US","potentialAction":[{"@type":"ReadAction","target":["https:\/\/loja.springschool.me\/minha-conta\/"]}]},{"@type":"BreadcrumbList","@id":"https:\/\/loja.springschool.me\/minha-conta\/#breadcrumb","itemListElement":[{"@type":"ListItem","position":1,"name":"In\u00edcio","item":"https:\/\/loja.springschool.me\/"},{"@type":"ListItem","position":2,"name":"Minha conta"}]},{"@type":"WebSite","@id":"https:\/\/loja.springschool.me\/#website","url":"https:\/\/loja.springschool.me\/","name":"Spring School - Loja Virtual","description":"Just another WordPress site","potentialAction":[{"@type":"SearchAction","target":{"@type":"EntryPoint","urlTemplate":"https:\/\/loja.springschool.me\/?s={search_term_string}"},"query-input":"required name=search_term_string"}],"inLanguage":"en-US"}]}},"_links":{"self":[{"href":"https:\/\/loja.springschool.me\/en\/wp-json\/wp\/v2\/pages\/13"}],"collection":[{"href":"https:\/\/loja.springschool.me\/en\/wp-json\/wp\/v2\/pages"}],"about":[{"href":"https:\/\/loja.springschool.me\/en\/wp-json\/wp\/v2\/types\/page"}],"author":[{"embeddable":true,"href":"https:\/\/loja.springschool.me\/en\/wp-json\/wp\/v2\/users\/1"}],"replies":[{"embeddable":true,"href":"https:\/\/loja.springschool.me\/en\/wp-json\/wp\/v2\/comments?post=13"}],"version-history":[{"count":1,"href":"https:\/\/loja.springschool.me\/en\/wp-json\/wp\/v2\/pages\/13\/revisions"}],"predecessor-version":[{"id":692,"href":"https:\/\/loja.springschool.me\/en\/wp-json\/wp\/v2\/pages\/13\/revisions\/692"}],"wp:featuredmedia":[{"embeddable":true,"href":"https:\/\/loja.springschool.me\/en\/wp-json\/wp\/v2\/media\/694"}],"wp:attachment":[{"href":"https:\/\/loja.springschool.me\/en\/wp-json\/wp\/v2\/media?parent=13"}],"curies":[{"name":"wp","href":"https:\/\/api.w.org\/{rel}","templated":true}]}}