{"id":11,"date":"2022-10-27T17:43:31","date_gmt":"2022-10-27T17:43:31","guid":{"rendered":"https:\/\/loja.springschool.me\/index.php\/cart\/"},"modified":"2022-12-12T12:57:10","modified_gmt":"2022-12-12T12:57:10","slug":"carrinho","status":"publish","type":"page","link":"https:\/\/loja.springschool.me\/en\/carrinho\/","title":{"rendered":"Cart"},"content":{"rendered":"<div class=\"woocommerce\"><div class=\"wrapper-cart\">\r\n<div class=\"row\">\r\n\t<div class=\"col-xs-12 col-md-8\">\r\n\t\t<form class=\"woocommerce-cart-form\" action=\"https:\/\/loja.springschool.me\/en\/carrinho\/\" method=\"post\" data-trp-original-action=\"https:\/\/loja.springschool.me\/en\/carrinho\/\">\r\n\t\t\t\r\n\t\t\t<table class=\"shop_table shop_table_responsive cart woocommerce-cart-form__contents\" cellspacing=\"0\">\r\n\t\t\t\t<thead>\r\n\t\t\t\t\t<tr>\r\n\t\t\t\t\t\t<th class=\"product-info\">PRODUCT<\/th>\r\n\t\t\t\t\t\t<th class=\"product-price\">Price<\/th>\r\n\t\t\t\t\t\t<th class=\"product-quantity\">Quantity<\/th>\r\n\t\t\t\t\t\t<th class=\"product-subtotal\">Total<\/th>\r\n\t\t\t\t\t<\/tr>\r\n\t\t\t\t<\/thead>\r\n\t\t\t\t<tbody>\r\n\t\t\t\t\t\r\n\t\t\t\t\t\t\t\t\t\t\t\t<tr class=\"woocommerce-cart-form__cart-item cart_item\">\r\n\r\n\t\t\t\t\t\t\t\t\r\n\t\t\t\t\t\t\t\t<td class=\"product-info\">\r\n\t\t\t\t\t\t\t\t\t<div class=\"flex-middle\">\r\n\t\t\t\t\t\t\t\t\t\t<a href=\"https:\/\/loja.springschool.me\/en\/carrinho\/?remove_item=58ae749f25eded36f486bc85feb3f0ab&#038;_wpnonce=a86233bcb0\" class=\"remove\" aria-label=\"remove this item\" data-product_id=\"561\" data-product_sku=\"00026\"><i class=\"ti-close\"><\/i><\/a>\t\t\t\t\t\t\t\t\t\t<div class=\"product-thumbnail\">\r\n\t\t\t\t\t\t\t\t\t\t\t<a href=\"https:\/\/loja.springschool.me\/en\/product\/faca-suas-proprias-leis-sam-jolen\/\"><img width=\"300\" height=\"300\" src=\"https:\/\/loja.springschool.me\/wp-content\/uploads\/2022\/11\/spring-loja-livro-26-1-300x300.jpg\" class=\"attachment-woocommerce_thumbnail size-woocommerce_thumbnail\" alt=\"\" decoding=\"async\" loading=\"lazy\" srcset=\"https:\/\/loja.springschool.me\/wp-content\/uploads\/2022\/11\/spring-loja-livro-26-1-300x300.jpg 300w, https:\/\/loja.springschool.me\/wp-content\/uploads\/2022\/11\/spring-loja-livro-26-1-150x150.jpg 150w, https:\/\/loja.springschool.me\/wp-content\/uploads\/2022\/11\/spring-loja-livro-26-1-768x768.jpg 768w, https:\/\/loja.springschool.me\/wp-content\/uploads\/2022\/11\/spring-loja-livro-26-1-410x410.jpg 410w, https:\/\/loja.springschool.me\/wp-content\/uploads\/2022\/11\/spring-loja-livro-26-1-600x600.jpg 600w, https:\/\/loja.springschool.me\/wp-content\/uploads\/2022\/11\/spring-loja-livro-26-1-160x160.jpg 160w, https:\/\/loja.springschool.me\/wp-content\/uploads\/2022\/11\/spring-loja-livro-26-1.jpg 1000w\" sizes=\"(max-width: 300px) 100vw, 300px\" \/><\/a>\t\t\t\t\t\t\t\t\t\t<\/div>\r\n\t\t\t\t\t\t\t\t\t\t<div class=\"product-name\" data-title=\"Product\">\r\n\t\t\t\t\t\t\t\t\t\t<a href=\"https:\/\/loja.springschool.me\/en\/product\/faca-suas-proprias-leis-sam-jolen\/\">Make Your Own Laws (Sam Jolen)<\/a><p class=\"backorder_notification\">Available on backorder<\/p>\t\t\t\t\t\t\t\t\t\t<\/div>\r\n\t\t\t\t\t\t\t\t\t<\/div>\r\n\t\t\t\t\t\t\t\t<\/td>\r\n\r\n\t\t\t\t\t\t\t\t\r\n\t\t\t\t\t\t\t\t<td class=\"product-price\" data-title=\"Price\">\r\n\t\t\t\t\t\t\t\t\t<span class=\"woocommerce-Price-amount amount\"><bdi><span class=\"woocommerce-Price-currencySymbol\">\u00a5<\/span>2.000<\/bdi><\/span>\t\t\t\t\t\t\t\t<\/td>\r\n\r\n\t\t\t\t\t\t\t\t<td class=\"product-quantity\" data-title=\"Quantity\">\r\n\t\t\t\t\t\t\t\t\t<div class=\"quantity\">\n\t\t<label class=\"screen-reader-text\" for=\"quantity_69d495f92e190\" data-no-translation=\"\" data-trp-gettext=\"\">Fa\u00e7a suas pr\u00f3prias Leis (Sam Jolen) quantity<\/label>\n\t<input\n\t\ttype=\"number\"\n\t\t\t\tid=\"quantity_69d495f92e190\"\n\t\tclass=\"input-text qty text\"\n\t\tname=\"cart[58ae749f25eded36f486bc85feb3f0ab][qty]\"\n\t\tvalue=\"2\"\n\t\taria-label=\"Product quantity\"\n\t\tsize=\"4\"\n\t\tmin=\"0\"\n\t\tmax=\"\"\n\t\t\t\t\tstep=\"1\"\n\t\t\tplaceholder=\"\"\n\t\t\tinputmode=\"numeric\"\n\t\t\tautocomplete=\"off\" data-no-translation-aria-label=\"\"\n\t\t\t\/>\n\t<\/div>\n\t\t\t\t\t\t\t\t<\/td>\r\n\r\n\t\t\t\t\t\t\t\t<td class=\"product-subtotal\" data-title=\"Total\">\r\n\t\t\t\t\t\t\t\t\t<span class=\"woocommerce-Price-amount amount\"><bdi><span class=\"woocommerce-Price-currencySymbol\">\u00a5<\/span>4.000<\/bdi><\/span>\t\t\t\t\t\t\t\t<\/td>\r\n\t\t\t\t\t\t\t<\/tr>\r\n\t\t\t\t\t\t\t\r\n\t\t\t\t\t\r\n\t\t\t\t\t<tr>\r\n\t\t\t\t\t\t<td colspan=\"6\" class=\"actions\">\r\n\r\n\t\t\t\t\t\t\t\t\t\t\t\t\t\t\t<div class=\"coupon\">\r\n\t\t\t\t\t\t\t\t\t<label for=\"coupon_code\">Coupon:<\/label> <input type=\"text\" name=\"coupon_code\" class=\"input-text form-control\" id=\"coupon_code\" value=\"\" placeholder=\"Coupon code\" \/> <input type=\"submit\" class=\"btn btn-theme btn-coupon\" name=\"apply_coupon\" value=\"Apply coupon\" \/>\r\n\t\t\t\t\t\t\t\t\t\t\t\t\t\t\t\t\t<\/div>\r\n\t\t\t\t\t\t\t\r\n\t\t\t\t\t\t\t<input type=\"submit\" class=\"button\" name=\"update_cart\" value=\"Update cart\" \/>\r\n\r\n\t\t\t\t\t\t\t\r\n\t\t\t\t\t\t\t<input type=\"hidden\" id=\"woocommerce-cart-nonce\" name=\"woocommerce-cart-nonce\" value=\"a86233bcb0\" \/><input type=\"hidden\" name=\"_wp_http_referer\" value=\"\/en\/wp-json\/wp\/v2\/pages\/11\" \/>\t\t\t\t\t\t<\/td>\r\n\t\t\t\t\t<\/tr>\r\n\r\n\t\t\t\t\t\t\t\t\t<\/tbody>\r\n\t\t\t<\/table>\r\n\t\t\t\t\t<input type=\"hidden\" name=\"trp-form-language\" value=\"en\"\/><\/form>\r\n\t<\/div>\r\n\t<div class=\"col-xs-12 col-md-4\">\r\n\t\t<div class=\"cart-right\">\r\n\t\t\t<div class=\"cart-collaterals\">\r\n\t\t\t\t<div class=\"cart_totals\">\n\n\t\t<div class=\"cart_totals_inner\">\n\t\t<h2 class=\"title\">Cart totals<\/h2>\n\n\t\t<table cellspacing=\"0\" class=\"shop_table shop_table_responsive\">\n\n\t\t\t<tr class=\"cart-subtotal\">\n\t\t\t\t<th>Subtotal<\/th>\n\t\t\t\t<td data-title=\"Subtotal\"><span class=\"woocommerce-Price-amount amount\"><bdi><span class=\"woocommerce-Price-currencySymbol\">\u00a5<\/span>4.000<\/bdi><\/span><\/td>\n\t\t\t<\/tr>\n\n\t\t\t\n\t\t\t\n\t\t\t\t\n\t\t\t\t<tr class=\"woocommerce-shipping-totals shipping\">\n\t<th data-no-translation=\"\" data-trp-gettext=\"\">Shipping<\/th>\n\t<td data-title=\"Shipping\" data-no-translation-data-title=\"\">\n\t\t\t\t\t<ul id=\"shipping_method\" class=\"woocommerce-shipping-methods\">\n\t\t\t\t\t\t\t\t\t<li>\n\t\t\t\t\t\t<input type=\"radio\" name=\"shipping_method[0]\" data-index=\"0\" id=\"shipping_method_0_flat_rate3\" value=\"flat_rate:3\" class=\"shipping_method\"  checked='checked' \/><label for=\"shipping_method_0_flat_rate3\">Fixed shipping (4 working days): <span class=\"woocommerce-Price-amount amount\"><bdi><span class=\"woocommerce-Price-currencySymbol\">\u00a5<\/span>660<\/bdi><\/span><\/label>\t\t\t\t\t<\/li>\n\t\t\t\t\t\t\t\t\t<li>\n\t\t\t\t\t\t<input type=\"radio\" name=\"shipping_method[0]\" data-index=\"0\" id=\"shipping_method_0_local_pickup2\" value=\"local_pickup:2\" class=\"shipping_method\"  \/><label for=\"shipping_method_0_local_pickup2\">Local pickup (2 working days)<\/label>\t\t\t\t\t<\/li>\n\t\t\t\t\t\t\t<\/ul>\n\t\t\t\t\t\t\t<p class=\"woocommerce-shipping-destination\">\n\t\t\t\t\tShipping to <strong data-no-translation=\"\" data-trp-gettext=\"\">Aichi<\/strong>. \t\t\t\t<\/p>\n\t\t\t\t\t\t\n\t\t\n\t\t\t\t\t\n<form class=\"woocommerce-shipping-calculator\" action=\"https:\/\/loja.springschool.me\/en\/carrinho\/\" method=\"post\" data-trp-original-action=\"https:\/\/loja.springschool.me\/en\/carrinho\/\">\n\n\t<a href=\"#\" class=\"shipping-calculator-button\" data-no-translation=\"\" data-trp-gettext=\"\">Change address<\/a>\n\t<section class=\"shipping-calculator-form\" style=\"display:none;\">\n\n\t\t\t\t\t<p class=\"form-row form-row-wide\" id=\"calc_shipping_country_field\">\n\t\t\t\t<label for=\"calc_shipping_country\" class=\"screen-reader-text\" data-no-translation=\"\" data-trp-gettext=\"\">Country \/ region:<\/label>\n\t\t\t\t<select name=\"calc_shipping_country\" id=\"calc_shipping_country\" class=\"country_to_state country_select\" rel=\"calc_shipping_state\">\n\t\t\t\t\t<option value=\"default\" data-no-translation=\"\" data-trp-gettext=\"\">Select a country \/ region&hellip;<\/option>\n\t\t\t\t\t<option value=\"JP\" selected='selected'>Japan<\/option>\t\t\t\t<\/select>\n\t\t\t<\/p>\n\t\t\n\t\t\t\t\t<p class=\"form-row form-row-wide\" id=\"calc_shipping_state_field\">\n\t\t\t\t\t\t\t\t\t<span>\n\t\t\t\t\t\t<label for=\"calc_shipping_state\" class=\"screen-reader-text\" data-no-translation=\"\" data-trp-gettext=\"\">State \/ County:<\/label>\n\t\t\t\t\t\t<select name=\"calc_shipping_state\" class=\"state_select\" id=\"calc_shipping_state\" data-placeholder=\"State \/ County\" data-no-translation-data-placeholder=\"\">\n\t\t\t\t\t\t\t<option value=\"\" data-no-translation=\"\" data-trp-gettext=\"\">Select an option&hellip;<\/option>\n\t\t\t\t\t\t\t<option value=\"JP01\" data-no-translation=\"\" data-trp-gettext=\"\" >Hokkaido<\/option><option value=\"JP02\" data-no-translation=\"\" data-trp-gettext=\"\" >Aomori<\/option><option value=\"JP03\" data-no-translation=\"\" data-trp-gettext=\"\" >Iwate<\/option><option value=\"JP04\" data-no-translation=\"\" data-trp-gettext=\"\" >Miyagi<\/option><option value=\"JP05\" data-no-translation=\"\" data-trp-gettext=\"\" >Akita<\/option><option value=\"JP06\" data-no-translation=\"\" data-trp-gettext=\"\" >Yamagata<\/option><option value=\"JP07\" data-no-translation=\"\" data-trp-gettext=\"\" >Fukushima<\/option><option value=\"JP08\" data-no-translation=\"\" data-trp-gettext=\"\" >Ibaraki<\/option><option value=\"JP09\" data-no-translation=\"\" data-trp-gettext=\"\" >Tochigi<\/option><option value=\"JP10\" data-no-translation=\"\" data-trp-gettext=\"\" >Gunma<\/option><option value=\"JP11\" data-no-translation=\"\" data-trp-gettext=\"\" >Saitama<\/option><option value=\"JP12\" data-no-translation=\"\" data-trp-gettext=\"\" >Chiba<\/option><option value=\"JP13\" data-no-translation=\"\" data-trp-gettext=\"\" >Tokyo<\/option><option value=\"JP14\" data-no-translation=\"\" data-trp-gettext=\"\" >Kanagawa<\/option><option value=\"JP15\" data-no-translation=\"\" data-trp-gettext=\"\" >Niigata<\/option><option value=\"JP16\" data-no-translation=\"\" data-trp-gettext=\"\" >Toyama<\/option><option value=\"JP17\" data-no-translation=\"\" data-trp-gettext=\"\" >Ishikawa<\/option><option value=\"JP18\" data-no-translation=\"\" data-trp-gettext=\"\" >Fukui<\/option><option value=\"JP19\" data-no-translation=\"\" data-trp-gettext=\"\" >Yamanashi<\/option><option value=\"JP20\" data-no-translation=\"\" data-trp-gettext=\"\" >Nagano<\/option><option value=\"JP21\" data-no-translation=\"\" data-trp-gettext=\"\" >Gifu<\/option><option value=\"JP22\" data-no-translation=\"\" data-trp-gettext=\"\" >Shizuoka<\/option><option value=\"JP23\"  selected='selected' data-no-translation=\"\" data-trp-gettext=\"\">Aichi<\/option><option value=\"JP24\" data-no-translation=\"\" data-trp-gettext=\"\" >Mie<\/option><option value=\"JP25\" data-no-translation=\"\" data-trp-gettext=\"\" >Shiga<\/option><option value=\"JP26\" data-no-translation=\"\" data-trp-gettext=\"\" >Kyoto<\/option><option value=\"JP27\" data-no-translation=\"\" data-trp-gettext=\"\" >Osaka<\/option><option value=\"JP28\" data-no-translation=\"\" data-trp-gettext=\"\" >Hyogo<\/option><option value=\"JP29\" data-no-translation=\"\" data-trp-gettext=\"\" >Nara<\/option><option value=\"JP30\" data-no-translation=\"\" data-trp-gettext=\"\" >Wakayama<\/option><option value=\"JP31\" data-no-translation=\"\" data-trp-gettext=\"\" >Tottori<\/option><option value=\"JP32\" data-no-translation=\"\" data-trp-gettext=\"\" >Shimane<\/option><option value=\"JP33\" data-no-translation=\"\" data-trp-gettext=\"\" >Okayama<\/option><option value=\"JP34\" data-no-translation=\"\" data-trp-gettext=\"\" >Hiroshima<\/option><option value=\"JP35\" data-no-translation=\"\" data-trp-gettext=\"\" >Yamaguchi<\/option><option value=\"JP36\" data-no-translation=\"\" data-trp-gettext=\"\" >Tokushima<\/option><option value=\"JP37\" data-no-translation=\"\" data-trp-gettext=\"\" >Kagawa<\/option><option value=\"JP38\" data-no-translation=\"\" data-trp-gettext=\"\" >Ehime<\/option><option value=\"JP39\" data-no-translation=\"\" data-trp-gettext=\"\" >Kochi<\/option><option value=\"JP40\" data-no-translation=\"\" data-trp-gettext=\"\" >Fukuoka<\/option><option value=\"JP41\" data-no-translation=\"\" data-trp-gettext=\"\" >Saga<\/option><option value=\"JP42\" data-no-translation=\"\" data-trp-gettext=\"\" >Nagasaki<\/option><option value=\"JP43\" data-no-translation=\"\" data-trp-gettext=\"\" >Kumamoto<\/option><option value=\"JP44\" data-no-translation=\"\" data-trp-gettext=\"\" >Oita<\/option><option value=\"JP45\" data-no-translation=\"\" data-trp-gettext=\"\" >Miyazaki<\/option><option value=\"JP46\" data-no-translation=\"\" data-trp-gettext=\"\" >Kagoshima<\/option><option value=\"JP47\" data-no-translation=\"\" data-trp-gettext=\"\" >Okinawa<\/option>\t\t\t\t\t\t<\/select>\n\t\t\t\t\t<\/span>\n\t\t\t\t\t\t\t\t<\/p>\n\t\t\n\t\t\t\t\t<p class=\"form-row form-row-wide\" id=\"calc_shipping_city_field\">\n\t\t\t\t<label for=\"calc_shipping_city\" class=\"screen-reader-text\" data-no-translation=\"\" data-trp-gettext=\"\">City:<\/label>\n\t\t\t\t<input type=\"text\" class=\"input-text\" value=\"\" placeholder=\"City\" name=\"calc_shipping_city\" id=\"calc_shipping_city\" data-no-translation-placeholder=\"\" \/>\n\t\t\t<\/p>\n\t\t\n\t\t\t\t\t<p class=\"form-row form-row-wide\" id=\"calc_shipping_postcode_field\">\n\t\t\t\t<label for=\"calc_shipping_postcode\" class=\"screen-reader-text\" data-no-translation=\"\" data-trp-gettext=\"\">Postcode \/ ZIP:<\/label>\n\t\t\t\t<input type=\"text\" class=\"input-text\" value=\"\" placeholder=\"Postcode \/ ZIP\" name=\"calc_shipping_postcode\" id=\"calc_shipping_postcode\" data-no-translation-placeholder=\"\" \/>\n\t\t\t<\/p>\n\t\t\n\t\t<p><button type=\"submit\" name=\"calc_shipping\" value=\"1\" class=\"button\" data-no-translation=\"\" data-trp-gettext=\"\">Update<\/button><\/p>\n\t\t<input type=\"hidden\" id=\"woocommerce-shipping-calculator-nonce\" name=\"woocommerce-shipping-calculator-nonce\" value=\"702ae2869d\" \/><input type=\"hidden\" name=\"_wp_http_referer\" value=\"\/en\/wp-json\/wp\/v2\/pages\/11\" \/>\t<\/section>\n<input type=\"hidden\" name=\"trp-form-language\" value=\"en\"\/><\/form>\n\n\t\t\t<\/td>\n<\/tr>\n\n\t\t\t\t\n\t\t\t\n\t\t\t\n\t\t\t\n\t\t\t\n\t\t\t<tr class=\"order-total\">\n\t\t\t\t<th>Total<\/th>\n\t\t\t\t<td data-title=\"Total\"><strong><span class=\"woocommerce-Price-amount amount\"><bdi><span class=\"woocommerce-Price-currencySymbol\">\u00a5<\/span>4.660<\/bdi><\/span><\/strong> <\/td>\n\t\t\t<\/tr>\n\n\t\t\t\n\t\t<\/table>\n\t<\/div>\n\t<div class=\"wc-proceed-to-checkout\">\n\t\t\n<a href=\"https:\/\/loja.springschool.me\/en\/checkout\/\" class=\"btn btn-theme btn-block alt wc-forward\">\n\tProceed to checkout<\/a>\n\t<\/div>\n\n\t\n<\/div>\n\t\t\t<\/div>\r\n\t\t<\/div>\r\n\t<\/div>\r\n<\/div>\r\n<div class=\"wrapper_cross_sell\">\r\n\t<\/div>\r\n\r\n<\/div><\/div>","protected":false},"excerpt":{"rendered":"","protected":false},"author":1,"featured_media":694,"parent":0,"menu_order":0,"comment_status":"closed","ping_status":"closed","template":"","meta":{"footnotes":""},"yoast_head":"<!-- This site is optimized with the Yoast SEO plugin v20.11 - https:\/\/yoast.com\/wordpress\/plugins\/seo\/ -->\n<title>Carrinho de Compras - Spring School - Loja Virtual<\/title>\n<meta name=\"description\" content=\"Carrinho de compras da nossa loja virtual Spring School, onde voc\u00ea vai encontrar diversos livros, materiais e vestu\u00e1rio para todo tipo de p\u00fablico...\" \/>\n<meta name=\"robots\" content=\"index, follow, max-snippet:-1, max-image-preview:large, max-video-preview:-1\" \/>\n<link rel=\"canonical\" href=\"https:\/\/loja.springschool.me\/en\/carrinho\/\" \/>\n<meta property=\"og:locale\" content=\"en_US\" \/>\n<meta property=\"og:type\" content=\"article\" \/>\n<meta property=\"og:title\" content=\"Carrinho de Compras - Spring School - Loja Virtual\" \/>\n<meta property=\"og:description\" content=\"Carrinho de compras da nossa loja virtual Spring School, onde voc\u00ea vai encontrar diversos livros, materiais e vestu\u00e1rio para todo tipo de p\u00fablico...\" \/>\n<meta property=\"og:url\" content=\"https:\/\/loja.springschool.me\/en\/carrinho\/\" \/>\n<meta property=\"og:site_name\" content=\"Spring School - Loja Virtual\" \/>\n<meta property=\"article:modified_time\" content=\"2022-12-12T12:57:10+00:00\" \/>\n<meta property=\"og:image\" content=\"http:\/\/loja.springschool.me\/wp-content\/uploads\/2022\/12\/spring-logo-OG.jpg\" \/>\n\t<meta property=\"og:image:width\" content=\"800\" \/>\n\t<meta property=\"og:image:height\" content=\"800\" \/>\n\t<meta property=\"og:image:type\" content=\"image\/jpeg\" \/>\n<meta name=\"twitter:card\" content=\"summary_large_image\" \/>\n<meta name=\"twitter:label1\" content=\"Est. reading time\" \/>\n\t<meta name=\"twitter:data1\" content=\"1 minute\" \/>\n<script type=\"application\/ld+json\" class=\"yoast-schema-graph\">{\"@context\":\"https:\/\/schema.org\",\"@graph\":[{\"@type\":\"WebPage\",\"@id\":\"https:\/\/loja.springschool.me\/carrinho\/\",\"url\":\"https:\/\/loja.springschool.me\/carrinho\/\",\"name\":\"Carrinho de Compras - Spring School - Loja Virtual\",\"isPartOf\":{\"@id\":\"https:\/\/loja.springschool.me\/#website\"},\"datePublished\":\"2022-10-27T17:43:31+00:00\",\"dateModified\":\"2022-12-12T12:57:10+00:00\",\"description\":\"Carrinho de compras da nossa loja virtual Spring School, onde voc\u00ea vai encontrar diversos livros, materiais e vestu\u00e1rio para todo tipo de p\u00fablico...\",\"breadcrumb\":{\"@id\":\"https:\/\/loja.springschool.me\/carrinho\/#breadcrumb\"},\"inLanguage\":\"en-US\",\"potentialAction\":[{\"@type\":\"ReadAction\",\"target\":[\"https:\/\/loja.springschool.me\/carrinho\/\"]}]},{\"@type\":\"BreadcrumbList\",\"@id\":\"https:\/\/loja.springschool.me\/carrinho\/#breadcrumb\",\"itemListElement\":[{\"@type\":\"ListItem\",\"position\":1,\"name\":\"In\u00edcio\",\"item\":\"https:\/\/loja.springschool.me\/\"},{\"@type\":\"ListItem\",\"position\":2,\"name\":\"Carrinho\"}]},{\"@type\":\"WebSite\",\"@id\":\"https:\/\/loja.springschool.me\/#website\",\"url\":\"https:\/\/loja.springschool.me\/\",\"name\":\"Spring School - Loja Virtual\",\"description\":\"Just another WordPress site\",\"potentialAction\":[{\"@type\":\"SearchAction\",\"target\":{\"@type\":\"EntryPoint\",\"urlTemplate\":\"https:\/\/loja.springschool.me\/?s={search_term_string}\"},\"query-input\":\"required name=search_term_string\"}],\"inLanguage\":\"en-US\"}]}<\/script>\n<!-- \/ Yoast SEO plugin. -->","yoast_head_json":{"title":"Carrinho de Compras - Spring School - Loja Virtual","description":"Carrinho de compras da nossa loja virtual Spring School, onde voc\u00ea vai encontrar diversos livros, materiais e vestu\u00e1rio para todo tipo de p\u00fablico...","robots":{"index":"index","follow":"follow","max-snippet":"max-snippet:-1","max-image-preview":"max-image-preview:large","max-video-preview":"max-video-preview:-1"},"canonical":"https:\/\/loja.springschool.me\/en\/carrinho\/","og_locale":"en_US","og_type":"article","og_title":"Carrinho de Compras - Spring School - Loja Virtual","og_description":"Carrinho de compras da nossa loja virtual Spring School, onde voc\u00ea vai encontrar diversos livros, materiais e vestu\u00e1rio para todo tipo de p\u00fablico...","og_url":"https:\/\/loja.springschool.me\/en\/carrinho\/","og_site_name":"Spring School - Loja Virtual","article_modified_time":"2022-12-12T12:57:10+00:00","og_image":[{"width":800,"height":800,"url":"http:\/\/loja.springschool.me\/wp-content\/uploads\/2022\/12\/spring-logo-OG.jpg","type":"image\/jpeg"}],"twitter_card":"summary_large_image","twitter_misc":{"Est. reading time":"1 minute"},"schema":{"@context":"https:\/\/schema.org","@graph":[{"@type":"WebPage","@id":"https:\/\/loja.springschool.me\/carrinho\/","url":"https:\/\/loja.springschool.me\/carrinho\/","name":"Carrinho de Compras - Spring School - Loja Virtual","isPartOf":{"@id":"https:\/\/loja.springschool.me\/#website"},"datePublished":"2022-10-27T17:43:31+00:00","dateModified":"2022-12-12T12:57:10+00:00","description":"Carrinho de compras da nossa loja virtual Spring School, onde voc\u00ea vai encontrar diversos livros, materiais e vestu\u00e1rio para todo tipo de p\u00fablico...","breadcrumb":{"@id":"https:\/\/loja.springschool.me\/carrinho\/#breadcrumb"},"inLanguage":"en-US","potentialAction":[{"@type":"ReadAction","target":["https:\/\/loja.springschool.me\/carrinho\/"]}]},{"@type":"BreadcrumbList","@id":"https:\/\/loja.springschool.me\/carrinho\/#breadcrumb","itemListElement":[{"@type":"ListItem","position":1,"name":"In\u00edcio","item":"https:\/\/loja.springschool.me\/"},{"@type":"ListItem","position":2,"name":"Carrinho"}]},{"@type":"WebSite","@id":"https:\/\/loja.springschool.me\/#website","url":"https:\/\/loja.springschool.me\/","name":"Spring School - Loja Virtual","description":"Just another WordPress site","potentialAction":[{"@type":"SearchAction","target":{"@type":"EntryPoint","urlTemplate":"https:\/\/loja.springschool.me\/?s={search_term_string}"},"query-input":"required name=search_term_string"}],"inLanguage":"en-US"}]}},"_links":{"self":[{"href":"https:\/\/loja.springschool.me\/en\/wp-json\/wp\/v2\/pages\/11"}],"collection":[{"href":"https:\/\/loja.springschool.me\/en\/wp-json\/wp\/v2\/pages"}],"about":[{"href":"https:\/\/loja.springschool.me\/en\/wp-json\/wp\/v2\/types\/page"}],"author":[{"embeddable":true,"href":"https:\/\/loja.springschool.me\/en\/wp-json\/wp\/v2\/users\/1"}],"replies":[{"embeddable":true,"href":"https:\/\/loja.springschool.me\/en\/wp-json\/wp\/v2\/comments?post=11"}],"version-history":[{"count":1,"href":"https:\/\/loja.springschool.me\/en\/wp-json\/wp\/v2\/pages\/11\/revisions"}],"predecessor-version":[{"id":691,"href":"https:\/\/loja.springschool.me\/en\/wp-json\/wp\/v2\/pages\/11\/revisions\/691"}],"wp:featuredmedia":[{"embeddable":true,"href":"https:\/\/loja.springschool.me\/en\/wp-json\/wp\/v2\/media\/694"}],"wp:attachment":[{"href":"https:\/\/loja.springschool.me\/en\/wp-json\/wp\/v2\/media?parent=11"}],"curies":[{"name":"wp","href":"https:\/\/api.w.org\/{rel}","templated":true}]}}